{"id":40,"date":"2023-11-22T09:17:35","date_gmt":"2023-11-22T12:17:35","guid":{"rendered":"https:\/\/ebook.hortaemcasa.net.br\/?page_id=40"},"modified":"2024-01-19T17:11:36","modified_gmt":"2024-01-19T20:11:36","slug":"lpagehorta","status":"publish","type":"page","link":"https:\/\/ebook.hortaemcasa.net.br\/","title":{"rendered":"LPageHorta"},"content":{"rendered":"\t\t<div data-elementor-type=\"wp-page\" data-elementor-id=\"40\" class=\"elementor elementor-40\">\n\t\t\t\t\t\t\t<div class=\"elementor-element elementor-element-43abd7ca e-con-full e-flex e-con e-parent\" data-id=\"43abd7ca\" data-element_type=\"container\" data-settings=\"{&quot;content_width&quot;:&quot;full&quot;,&quot;background_background&quot;:&quot;classic&quot;}\" data-core-v316-plus=\"true\">\n\t\t<div class=\"elementor-element elementor-element-2013d6b2 e-con-full e-flex e-con e-child\" data-id=\"2013d6b2\" data-element_type=\"container\" data-settings=\"{&quot;content_width&quot;:&quot;full&quot;,&quot;background_background&quot;:&quot;gradient&quot;}\">\n\t\t\t\t<div class=\"elementor-element elementor-element-485a4ca2 jltma-glass-effect-no elementor-widget elementor-widget-heading\" data-id=\"485a4ca2\" data-element_type=\"widget\" data-widget_type=\"heading.default\">\n\t\t\t\t<div class=\"elementor-widget-container\">\n\t\t\t<style>\/*! elementor - v3.17.0 - 08-11-2023 *\/\n.elementor-heading-title{padding:0;margin:0;line-height:1}.elementor-widget-heading .elementor-heading-title[class*=elementor-size-]>a{color:inherit;font-size:inherit;line-height:inherit}.elementor-widget-heading .elementor-heading-title.elementor-size-small{font-size:15px}.elementor-widget-heading .elementor-heading-title.elementor-size-medium{font-size:19px}.elementor-widget-heading .elementor-heading-title.elementor-size-large{font-size:29px}.elementor-widget-heading .elementor-heading-title.elementor-size-xl{font-size:39px}.elementor-widget-heading .elementor-heading-title.elementor-size-xxl{font-size:59px}<\/style><h1 class=\"elementor-heading-title elementor-size-default\">Do Solo \u00e0 Mesa: O Guia Completo para Plantar Cebolinha em Casa. Gr\u00e1tis!<\/h1>\t\t<\/div>\n\t\t\t\t<\/div>\n\t\t\t\t<div class=\"elementor-element elementor-element-772529dc jltma-glass-effect-no elementor-widget elementor-widget-text-editor\" data-id=\"772529dc\" data-element_type=\"widget\" data-widget_type=\"text-editor.default\">\n\t\t\t\t<div class=\"elementor-widget-container\">\n\t\t\t<style>\/*! elementor - v3.17.0 - 08-11-2023 *\/\n.elementor-widget-text-editor.elementor-drop-cap-view-stacked .elementor-drop-cap{background-color:#69727d;color:#fff}.elementor-widget-text-editor.elementor-drop-cap-view-framed .elementor-drop-cap{color:#69727d;border:3px solid;background-color:transparent}.elementor-widget-text-editor:not(.elementor-drop-cap-view-default) .elementor-drop-cap{margin-top:8px}.elementor-widget-text-editor:not(.elementor-drop-cap-view-default) .elementor-drop-cap-letter{width:1em;height:1em}.elementor-widget-text-editor .elementor-drop-cap{float:left;text-align:center;line-height:1;font-size:50px}.elementor-widget-text-editor .elementor-drop-cap-letter{display:inline-block}<\/style>\t\t\t\t<p>Para n\u00f3s o Importante \u00e9 ensinar Voc\u00ea Cultivar a sua Horta e Mudar a sua Sa\u00fade.<\/p>\t\t\t\t\t\t<\/div>\n\t\t\t\t<\/div>\n\t\t\t\t<div class=\"elementor-element elementor-element-54a3647e elementor-button-info elementor-align-center jltma-glass-effect-no elementor-widget elementor-widget-button\" data-id=\"54a3647e\" data-element_type=\"widget\" data-widget_type=\"button.default\">\n\t\t\t\t<div class=\"elementor-widget-container\">\n\t\t\t\t\t<div class=\"elementor-button-wrapper\">\n\t\t\t<a class=\"elementor-button elementor-button-link elementor-size-lg\" href=\"https:\/\/hortaemcasa.net.br\/wp-content\/uploads\/2024\/01\/E-book-Como-Plantar-Cebolinha.pdf\">\n\t\t\t\t\t\t<span class=\"elementor-button-content-wrapper\">\n\t\t\t\t\t\t<span class=\"elementor-button-icon elementor-align-icon-left\">\n\t\t\t\t<i aria-hidden=\"true\" class=\"far fa-arrow-alt-circle-right\"><\/i>\t\t\t<\/span>\n\t\t\t\t\t\t<span class=\"elementor-button-text\">QUERO BAIXAR GR\u00c1TIS<\/span>\n\t\t<\/span>\n\t\t\t\t\t<\/a>\n\t\t<\/div>\n\t\t\t\t<\/div>\n\t\t\t\t<\/div>\n\t\t\t\t<\/div>\n\t\t\t\t<\/div>\n\t\t<div class=\"elementor-element elementor-element-73e124cb e-con-full e-flex e-con e-parent\" data-id=\"73e124cb\" data-element_type=\"container\" data-settings=\"{&quot;content_width&quot;:&quot;full&quot;,&quot;background_background&quot;:&quot;classic&quot;,&quot;shape_divider_bottom&quot;:&quot;triangle&quot;,&quot;shape_divider_bottom_negative&quot;:&quot;yes&quot;}\" data-core-v316-plus=\"true\">\n\t\t\t\t<div class=\"elementor-shape elementor-shape-bottom\" data-negative=\"true\">\n\t\t\t<svg xmlns=\"http:\/\/www.w3.org\/2000\/svg\" viewBox=\"0 0 1000 100\" preserveAspectRatio=\"none\">\n\t<path class=\"elementor-shape-fill\" d=\"M500.2,94.7L0,0v100h1000V0L500.2,94.7z\"\/>\n<\/svg>\t\t<\/div>\n\t\t\t\t<div class=\"elementor-element elementor-element-56027db5 jltma-glass-effect-no elementor-widget elementor-widget-heading\" data-id=\"56027db5\" data-element_type=\"widget\" data-widget_type=\"heading.default\">\n\t\t\t\t<div class=\"elementor-widget-container\">\n\t\t\t<h2 class=\"elementor-heading-title elementor-size-default\">Pensando em ajudar voc\u00ea a aprender a plantar nesse Guia voc\u00ea vai encontrar:<\/h2>\t\t<\/div>\n\t\t\t\t<\/div>\n\t\t\t\t<div class=\"elementor-element elementor-element-5ad563b5 jltma-glass-effect-no elementor-widget elementor-widget-text-editor\" data-id=\"5ad563b5\" data-element_type=\"widget\" data-widget_type=\"text-editor.default\">\n\t\t\t\t<div class=\"elementor-widget-container\">\n\t\t\t\t\t\t\t<div class=\"ud-block-list-item ud-block-list-item-small ud-block-list-item-tight ud-block-list-item-neutral ud-text-sm\" data-purpose=\"objective\"><div class=\"ud-block-list-item-content\"><p class=\"_mb-5\" role=\"paragraph\">01 &#8211; O preparo do Solo.<\/p><p class=\"_mb-5\" role=\"paragraph\">02 &#8211; Os princ\u00edpios.<\/p><p class=\"_mb-5\" role=\"paragraph\">03 &#8211; Os cuidados<\/p><p class=\"_mb-5\" role=\"paragraph\">04 &#8211; A colheita e o armazenamento<\/p><p class=\"_mb-5\" role=\"paragraph\">05 &#8211; Dicas Valiosas Receitas e usos de ideias<\/p><p class=\"_mb-5\" role=\"paragraph\">\u00a0<\/p><\/div><\/div>\t\t\t\t\t\t<\/div>\n\t\t\t\t<\/div>\n\t\t\t\t<\/div>\n\t\t<div class=\"elementor-element elementor-element-6f7d49da e-con-full e-flex e-con e-parent\" data-id=\"6f7d49da\" data-element_type=\"container\" data-settings=\"{&quot;content_width&quot;:&quot;full&quot;,&quot;shape_divider_bottom&quot;:&quot;triangle&quot;,&quot;shape_divider_bottom_negative&quot;:&quot;yes&quot;}\" data-core-v316-plus=\"true\">\n\t\t\t\t<div class=\"elementor-shape elementor-shape-bottom\" data-negative=\"true\">\n\t\t\t<svg xmlns=\"http:\/\/www.w3.org\/2000\/svg\" viewBox=\"0 0 1000 100\" preserveAspectRatio=\"none\">\n\t<path class=\"elementor-shape-fill\" d=\"M500.2,94.7L0,0v100h1000V0L500.2,94.7z\"\/>\n<\/svg>\t\t<\/div>\n\t\t\t\t<div class=\"elementor-element elementor-element-4e8c6c44 jltma-glass-effect-no elementor-widget elementor-widget-heading\" data-id=\"4e8c6c44\" data-element_type=\"widget\" data-widget_type=\"heading.default\">\n\t\t\t\t<div class=\"elementor-widget-container\">\n\t\t\t<h2 class=\"elementor-heading-title elementor-size-default\">S\u00f3 Para Voc\u00ea:<\/h2>\t\t<\/div>\n\t\t\t\t<\/div>\n\t\t\t\t<div class=\"elementor-element elementor-element-75d91c67 jltma-glass-effect-no elementor-widget elementor-widget-text-editor\" data-id=\"75d91c67\" data-element_type=\"widget\" data-widget_type=\"text-editor.default\">\n\t\t\t\t<div class=\"elementor-widget-container\">\n\t\t\t\t\t\t\t<p class=\"_mb-5\" role=\"paragraph\">&#8211; 20 P\u00e1ginas sobre como plantar cebolinha em casa.<\/p><p class=\"_mb-5\" role=\"paragraph\">&#8211; Totalmente Gr\u00e1tis\u00a0<\/p><p class=\"_mb-5\" role=\"paragraph\"><span style=\"font-family: var( --e-global-typography-text-font-family ), Sans-serif; font-weight: var( --e-global-typography-text-font-weight ); text-align: var(--text-align); font-size: 1rem;\">&#8211; N\u00e3o necessita Cadastro para Baixar.<\/span><\/p>\t\t\t\t\t\t<\/div>\n\t\t\t\t<\/div>\n\t\t\t\t<\/div>\n\t\t<div class=\"elementor-element elementor-element-59c049f0 e-con-full e-flex e-con e-parent\" data-id=\"59c049f0\" data-element_type=\"container\" data-settings=\"{&quot;content_width&quot;:&quot;full&quot;,&quot;background_background&quot;:&quot;classic&quot;,&quot;shape_divider_top&quot;:&quot;triangle&quot;}\" data-core-v316-plus=\"true\">\n\t\t\t\t<div class=\"elementor-shape elementor-shape-top\" data-negative=\"false\">\n\t\t\t<svg xmlns=\"http:\/\/www.w3.org\/2000\/svg\" viewBox=\"0 0 1000 100\" preserveAspectRatio=\"none\">\n\t<path class=\"elementor-shape-fill\" d=\"M500,98.9L0,6.1V0h1000v6.1L500,98.9z\"\/>\n<\/svg>\t\t<\/div>\n\t\t\t\t<div class=\"elementor-element elementor-element-6cf052e7 jltma-glass-effect-no elementor-widget elementor-widget-heading\" data-id=\"6cf052e7\" data-element_type=\"widget\" data-widget_type=\"heading.default\">\n\t\t\t\t<div class=\"elementor-widget-container\">\n\t\t\t<h2 class=\"elementor-heading-title elementor-size-default\">Para quem \u00e9 este e-book:<\/h2>\t\t<\/div>\n\t\t\t\t<\/div>\n\t\t\t\t<div class=\"elementor-element elementor-element-39f992fc jltma-glass-effect-no elementor-widget elementor-widget-text-editor\" data-id=\"39f992fc\" data-element_type=\"widget\" data-widget_type=\"text-editor.default\">\n\t\t\t\t<div class=\"elementor-widget-container\">\n\t\t\t\t\t\t\t<ul><li>Pessoas que Busca Uma vida mais Saud\u00e1vel: Hoje em dia tudo que se compra tem agrot\u00f3xicos, ent\u00e3o para melhorar sua sa\u00fade, nada melhor que plantar seu alimento.<\/li><li>Entusiastas do Jardim: Pessoas que t\u00eam interesse em jardinagem e desejam come\u00e7ar a cultivar seus pr\u00f3prios temperos para uso culin\u00e1rio.<\/li><li>Iniciantes na Jardinagem: Aqueles que est\u00e3o come\u00e7ando a explorar o mundo da jardinagem e desejam aprender a cultivar temperos de maneira f\u00e1cil e eficaz.<\/li><li>Pessoas com Espa\u00e7o Limitado: Indiv\u00edduos que possuem espa\u00e7os pequenos, como varandas ou janelas, e desejam descobrir como cultivar temperos mesmo em ambientes compactos.<\/li><li>Interessados em Alimenta\u00e7\u00e3o Saud\u00e1vel: Aqueles que buscam uma abordagem mais saud\u00e1vel para a culin\u00e1ria, incorporando ingredientes frescos e org\u00e2nicos em suas refei\u00e7\u00f5es.<\/li><li>Curiosos sobre Sustentabilidade: Pessoas interessadas em pr\u00e1ticas sustent\u00e1veis e em reduzir sua pegada ambiental atrav\u00e9s do cultivo de alimentos em casa.<\/li><li>Chefs Amadores e Profissionais: Tanto amadores quanto profissionais que desejam explorar uma variedade de temperos frescos e aprender a incorpor\u00e1-los em suas cria\u00e7\u00f5es culin\u00e1rias.<\/li><\/ul>\t\t\t\t\t\t<\/div>\n\t\t\t\t<\/div>\n\t\t\t\t<\/div>\n\t\t<div class=\"elementor-element elementor-element-0e0d79f e-flex e-con-boxed e-con e-parent\" data-id=\"0e0d79f\" data-element_type=\"container\" data-settings=\"{&quot;content_width&quot;:&quot;boxed&quot;}\" data-core-v316-plus=\"true\">\n\t\t\t\t\t<div class=\"e-con-inner\">\n\t\t<div class=\"elementor-element elementor-element-a091dd7 e-con-full e-flex e-con e-child\" data-id=\"a091dd7\" data-element_type=\"container\" data-settings=\"{&quot;content_width&quot;:&quot;full&quot;}\">\n\t\t\t\t<div class=\"elementor-element elementor-element-56095a6 jltma-glass-effect-no elementor-widget elementor-widget-heading\" data-id=\"56095a6\" data-element_type=\"widget\" data-widget_type=\"heading.default\">\n\t\t\t\t<div class=\"elementor-widget-container\">\n\t\t\t<h2 class=\"elementor-heading-title elementor-size-default\">Saiba mais sobre mim.<\/h2>\t\t<\/div>\n\t\t\t\t<\/div>\n\t\t\t\t<div class=\"elementor-element elementor-element-8810f93 jltma-glass-effect-no elementor-widget elementor-widget-text-editor\" data-id=\"8810f93\" data-element_type=\"widget\" data-widget_type=\"text-editor.default\">\n\t\t\t\t<div class=\"elementor-widget-container\">\n\t\t\t\t\t\t\t<p>Ol\u00e1, eu sou Edilaine Aparecida Silva do Amor, a mente por tr\u00e1s do hortaemcasa.net.br. Sou apaixonada por jardinagem e por transformar espa\u00e7os em pequenos em espa\u00e7os produtivos. Neste eBook, compartilho com voc\u00ea como plantar cebolinha em casa, de maneira f\u00e1cil e pr\u00e1tica.<\/p><p>Imagine poder colher sua pr\u00f3pria cebolinha fresca\u00a0 sempre que desejar, direto do seu lar. Essa \u00e9 a experi\u00eancia que busquei proporcionar a voc\u00ea. De maneira clara e objetiva, transmito tudo o que aprendi, simplificando o processo para que voc\u00ea tamb\u00e9m possa cultivar sua cebolinha em casa.<\/p><p>A jardinagem tornou-se mais do que uma atividade para mim; \u00e9 uma paix\u00e3o que eu quero compartilhar. Cada dica neste eBook reflete n\u00e3o apenas meu conhecimento pr\u00e1tico, mas tamb\u00e9m a alegria que encontrei ao ver meu pr\u00f3prio pedacinho de natureza florescer em casa.<\/p><p>Seja voc\u00ea um iniciante entusiasmado, um cozinheiro \u00e1vido ou algu\u00e9m que busca uma conex\u00e3o mais sustent\u00e1vel com sua alimenta\u00e7\u00e3o, este eBook \u00e9 para todos que desejam trazer um toque fresco e delicioso \u00e0 sua vida cotidiana.<\/p><p>Estou animada para gui\u00e1-lo nesta jornada de descoberta e cultivar junto com voc\u00ea uma horta cheia de aromas e sabores incr\u00edveis. Vamos come\u00e7ar a cultivar juntos!<\/p><p>\u00a0<\/p><p>Seu gostou do conte\u00fado acesse tamb\u00e9m nosso site e deixe seu coment\u00e1rio.\u00a0<\/p><p>Site:\u00a0<a style=\"font-family: var( --e-global-typography-text-font-family ), Sans-serif; font-weight: var( --e-global-typography-text-font-weight ); background-color: #ffffff; font-size: 1rem;\" href=\"https:\/\/hortaemcasa.net.br\/\" target=\"_blank\" rel=\"noopener\">hortaemcasa.net.br<\/a><\/p><p>\u00a0<\/p><p>Siga a gente tamb\u00e9m nas redes sociais.<br \/><br \/><b>Instagram<\/b>:\u00a0<a href=\"https:\/\/www.instagram.com\/hortaemcasa\/\" target=\"_blank\" rel=\"noopener\">@hortaemcasa<\/a><br \/><b>Facebook<\/b>:\u00a0<a href=\"https:\/\/www.facebook.com\/hortaemcasa.net\" target=\"_blank\" rel=\"noopener\">https:\/\/www.facebook.com\/hortaemcasa.net<\/a><br \/><br \/><\/p>\t\t\t\t\t\t<\/div>\n\t\t\t\t<\/div>\n\t\t\t\t<div class=\"elementor-element elementor-element-6184904 elementor-shape-rounded elementor-grid-0 e-grid-align-center jltma-glass-effect-no elementor-widget elementor-widget-social-icons\" data-id=\"6184904\" data-element_type=\"widget\" data-widget_type=\"social-icons.default\">\n\t\t\t\t<div class=\"elementor-widget-container\">\n\t\t\t<style>\/*! elementor - v3.17.0 - 08-11-2023 *\/\n.elementor-widget-social-icons.elementor-grid-0 .elementor-widget-container,.elementor-widget-social-icons.elementor-grid-mobile-0 .elementor-widget-container,.elementor-widget-social-icons.elementor-grid-tablet-0 .elementor-widget-container{line-height:1;font-size:0}.elementor-widget-social-icons:not(.elementor-grid-0):not(.elementor-grid-tablet-0):not(.elementor-grid-mobile-0) .elementor-grid{display:inline-grid}.elementor-widget-social-icons .elementor-grid{grid-column-gap:var(--grid-column-gap,5px);grid-row-gap:var(--grid-row-gap,5px);grid-template-columns:var(--grid-template-columns);justify-content:var(--justify-content,center);justify-items:var(--justify-content,center)}.elementor-icon.elementor-social-icon{font-size:var(--icon-size,25px);line-height:var(--icon-size,25px);width:calc(var(--icon-size, 25px) + (2 * var(--icon-padding, .5em)));height:calc(var(--icon-size, 25px) + (2 * var(--icon-padding, .5em)))}.elementor-social-icon{--e-social-icon-icon-color:#fff;display:inline-flex;background-color:#69727d;align-items:center;justify-content:center;text-align:center;cursor:pointer}.elementor-social-icon i{color:var(--e-social-icon-icon-color)}.elementor-social-icon svg{fill:var(--e-social-icon-icon-color)}.elementor-social-icon:last-child{margin:0}.elementor-social-icon:hover{opacity:.9;color:#fff}.elementor-social-icon-android{background-color:#a4c639}.elementor-social-icon-apple{background-color:#999}.elementor-social-icon-behance{background-color:#1769ff}.elementor-social-icon-bitbucket{background-color:#205081}.elementor-social-icon-codepen{background-color:#000}.elementor-social-icon-delicious{background-color:#39f}.elementor-social-icon-deviantart{background-color:#05cc47}.elementor-social-icon-digg{background-color:#005be2}.elementor-social-icon-dribbble{background-color:#ea4c89}.elementor-social-icon-elementor{background-color:#d30c5c}.elementor-social-icon-envelope{background-color:#ea4335}.elementor-social-icon-facebook,.elementor-social-icon-facebook-f{background-color:#3b5998}.elementor-social-icon-flickr{background-color:#0063dc}.elementor-social-icon-foursquare{background-color:#2d5be3}.elementor-social-icon-free-code-camp,.elementor-social-icon-freecodecamp{background-color:#006400}.elementor-social-icon-github{background-color:#333}.elementor-social-icon-gitlab{background-color:#e24329}.elementor-social-icon-globe{background-color:#69727d}.elementor-social-icon-google-plus,.elementor-social-icon-google-plus-g{background-color:#dd4b39}.elementor-social-icon-houzz{background-color:#7ac142}.elementor-social-icon-instagram{background-color:#262626}.elementor-social-icon-jsfiddle{background-color:#487aa2}.elementor-social-icon-link{background-color:#818a91}.elementor-social-icon-linkedin,.elementor-social-icon-linkedin-in{background-color:#0077b5}.elementor-social-icon-medium{background-color:#00ab6b}.elementor-social-icon-meetup{background-color:#ec1c40}.elementor-social-icon-mixcloud{background-color:#273a4b}.elementor-social-icon-odnoklassniki{background-color:#f4731c}.elementor-social-icon-pinterest{background-color:#bd081c}.elementor-social-icon-product-hunt{background-color:#da552f}.elementor-social-icon-reddit{background-color:#ff4500}.elementor-social-icon-rss{background-color:#f26522}.elementor-social-icon-shopping-cart{background-color:#4caf50}.elementor-social-icon-skype{background-color:#00aff0}.elementor-social-icon-slideshare{background-color:#0077b5}.elementor-social-icon-snapchat{background-color:#fffc00}.elementor-social-icon-soundcloud{background-color:#f80}.elementor-social-icon-spotify{background-color:#2ebd59}.elementor-social-icon-stack-overflow{background-color:#fe7a15}.elementor-social-icon-steam{background-color:#00adee}.elementor-social-icon-stumbleupon{background-color:#eb4924}.elementor-social-icon-telegram{background-color:#2ca5e0}.elementor-social-icon-thumb-tack{background-color:#1aa1d8}.elementor-social-icon-tripadvisor{background-color:#589442}.elementor-social-icon-tumblr{background-color:#35465c}.elementor-social-icon-twitch{background-color:#6441a5}.elementor-social-icon-twitter{background-color:#1da1f2}.elementor-social-icon-viber{background-color:#665cac}.elementor-social-icon-vimeo{background-color:#1ab7ea}.elementor-social-icon-vk{background-color:#45668e}.elementor-social-icon-weibo{background-color:#dd2430}.elementor-social-icon-weixin{background-color:#31a918}.elementor-social-icon-whatsapp{background-color:#25d366}.elementor-social-icon-wordpress{background-color:#21759b}.elementor-social-icon-xing{background-color:#026466}.elementor-social-icon-yelp{background-color:#af0606}.elementor-social-icon-youtube{background-color:#cd201f}.elementor-social-icon-500px{background-color:#0099e5}.elementor-shape-rounded .elementor-icon.elementor-social-icon{border-radius:10%}.elementor-shape-circle .elementor-icon.elementor-social-icon{border-radius:50%}<\/style>\t\t<div class=\"elementor-social-icons-wrapper elementor-grid\">\n\t\t\t\t\t\t\t<span class=\"elementor-grid-item\">\n\t\t\t\t\t<a class=\"elementor-icon elementor-social-icon elementor-social-icon-eicon-globe elementor-repeater-item-637afcc\" href=\"https:\/\/hortaemcasa.net.br\/\" target=\"_blank\">\n\t\t\t\t\t\t<span class=\"elementor-screen-only\">Eicon-globe<\/span>\n\t\t\t\t\t\t<i class=\"elementor-icons eicon-globe\"><\/i>\t\t\t\t\t<\/a>\n\t\t\t\t<\/span>\n\t\t\t\t\t\t\t<span class=\"elementor-grid-item\">\n\t\t\t\t\t<a class=\"elementor-icon elementor-social-icon elementor-social-icon-instagram elementor-repeater-item-810e753\" href=\"https:\/\/www.instagram.com\/hortaemcasa\/\" target=\"_blank\">\n\t\t\t\t\t\t<span class=\"elementor-screen-only\">Instagram<\/span>\n\t\t\t\t\t\t<i class=\"fab fa-instagram\"><\/i>\t\t\t\t\t<\/a>\n\t\t\t\t<\/span>\n\t\t\t\t\t\t\t<span class=\"elementor-grid-item\">\n\t\t\t\t\t<a class=\"elementor-icon elementor-social-icon elementor-social-icon-facebook elementor-repeater-item-f7d3f8e\" href=\"https:\/\/www.facebook.com\/hortaemcasa.net\" target=\"_blank\">\n\t\t\t\t\t\t<span class=\"elementor-screen-only\">Facebook<\/span>\n\t\t\t\t\t\t<i class=\"fab fa-facebook\"><\/i>\t\t\t\t\t<\/a>\n\t\t\t\t<\/span>\n\t\t\t\t\t<\/div>\n\t\t\t\t<\/div>\n\t\t\t\t<\/div>\n\t\t\t\t<\/div>\n\t\t<div class=\"elementor-element elementor-element-624dd39 e-con-full e-flex e-con e-child\" data-id=\"624dd39\" data-element_type=\"container\" data-settings=\"{&quot;content_width&quot;:&quot;full&quot;}\">\n\t\t\t\t<div class=\"elementor-element elementor-element-21d8770 jltma-glass-effect-no elementor-widget elementor-widget-image-carousel\" data-id=\"21d8770\" data-element_type=\"widget\" data-settings=\"{&quot;slides_to_show&quot;:&quot;1&quot;,&quot;navigation&quot;:&quot;none&quot;,&quot;autoplay&quot;:&quot;yes&quot;,&quot;pause_on_hover&quot;:&quot;yes&quot;,&quot;pause_on_interaction&quot;:&quot;yes&quot;,&quot;autoplay_speed&quot;:5000,&quot;infinite&quot;:&quot;yes&quot;,&quot;effect&quot;:&quot;slide&quot;,&quot;speed&quot;:500}\" data-widget_type=\"image-carousel.default\">\n\t\t\t\t<div class=\"elementor-widget-container\">\n\t\t\t<style>\/*! elementor - v3.17.0 - 08-11-2023 *\/\n.elementor-widget-image-carousel .swiper,.elementor-widget-image-carousel .swiper-container{position:static}.elementor-widget-image-carousel .swiper-container .swiper-slide figure,.elementor-widget-image-carousel .swiper .swiper-slide figure{line-height:inherit}.elementor-widget-image-carousel .swiper-slide{text-align:center}.elementor-image-carousel-wrapper:not(.swiper-container-initialized):not(.swiper-initialized) .swiper-slide{max-width:calc(100% \/ var(--e-image-carousel-slides-to-show, 3))}<\/style>\t\t<div class=\"elementor-image-carousel-wrapper swiper\" dir=\"ltr\">\n\t\t\t<div class=\"elementor-image-carousel swiper-wrapper\" aria-live=\"off\">\n\t\t\t\t\t\t\t\t<div class=\"swiper-slide\" role=\"group\" aria-roledescription=\"slide\" aria-label=\"1 of 2\"><figure class=\"swiper-slide-inner\"><img decoding=\"async\" class=\"swiper-slide-image\" src=\"https:\/\/ebook.hortaemcasa.net.br\/wp-content\/uploads\/2023\/11\/WhatsApp-Image-2023-11-27-at-08.57.38.jpeg\" alt=\"WhatsApp Image 2023-11-27 at 08.57.38\" \/><\/figure><\/div><div class=\"swiper-slide\" role=\"group\" aria-roledescription=\"slide\" aria-label=\"2 of 2\"><figure class=\"swiper-slide-inner\"><img decoding=\"async\" class=\"swiper-slide-image\" src=\"https:\/\/ebook.hortaemcasa.net.br\/wp-content\/uploads\/2023\/11\/WhatsApp-Image-2023-11-27-at-09.07.55.jpeg\" alt=\"WhatsApp Image 2023-11-27 at 09.07.55\" \/><\/figure><\/div>\t\t\t<\/div>\n\t\t\t\t\t\t\t\n\t\t\t\t\t\t\t\t\t<\/div>\n\t\t\t\t<\/div>\n\t\t\t\t<\/div>\n\t\t\t\t<\/div>\n\t\t\t\t\t<\/div>\n\t\t\t\t<\/div>\n\t\t<div class=\"elementor-element elementor-element-7b85a73 e-con-full e-flex e-con e-parent\" data-id=\"7b85a73\" data-element_type=\"container\" data-settings=\"{&quot;content_width&quot;:&quot;full&quot;}\" data-core-v316-plus=\"true\">\n\t\t\t\t<div class=\"elementor-element elementor-element-1f2e9ec elementor-button-info elementor-align-center jltma-glass-effect-no elementor-widget elementor-widget-button\" data-id=\"1f2e9ec\" data-element_type=\"widget\" data-widget_type=\"button.default\">\n\t\t\t\t<div class=\"elementor-widget-container\">\n\t\t\t\t\t<div class=\"elementor-button-wrapper\">\n\t\t\t<a class=\"elementor-button elementor-button-link elementor-size-lg\" href=\"https:\/\/hortaemcasa.net.br\/wp-content\/uploads\/2024\/01\/E-book-Como-Plantar-Cebolinha.pdf\">\n\t\t\t\t\t\t<span class=\"elementor-button-content-wrapper\">\n\t\t\t\t\t\t<span class=\"elementor-button-icon elementor-align-icon-left\">\n\t\t\t\t<i aria-hidden=\"true\" class=\"far fa-arrow-alt-circle-right\"><\/i>\t\t\t<\/span>\n\t\t\t\t\t\t<span class=\"elementor-button-text\">QUERO BAIXAR GR\u00c1TIS<\/span>\n\t\t<\/span>\n\t\t\t\t\t<\/a>\n\t\t<\/div>\n\t\t\t\t<\/div>\n\t\t\t\t<\/div>\n\t\t\t\t<\/div>\n\t\t\t\t\t\t\t<\/div>\n\t\t","protected":false},"excerpt":{"rendered":"<p>Do Solo \u00e0 Mesa: O Guia Completo para Plantar Cebolinha em Casa. Gr\u00e1tis! Para n\u00f3s o Importante \u00e9 ensinar Voc\u00ea Cultivar a sua Horta e Mudar a sua Sa\u00fade. QUERO BAIXAR GR\u00c1TIS Pensando em ajudar voc\u00ea a aprender a plantar nesse Guia voc\u00ea vai encontrar: 01 &#8211; O preparo do Solo. 02 &#8211; Os princ\u00edpios. [&hellip;]<\/p>\n","protected":false},"author":1,"featured_media":0,"parent":0,"menu_order":0,"comment_status":"closed","ping_status":"closed","template":"elementor_theme","meta":{"footnotes":""},"_links":{"self":[{"href":"https:\/\/ebook.hortaemcasa.net.br\/index.php\/wp-json\/wp\/v2\/pages\/40"}],"collection":[{"href":"https:\/\/ebook.hortaemcasa.net.br\/index.php\/wp-json\/wp\/v2\/pages"}],"about":[{"href":"https:\/\/ebook.hortaemcasa.net.br\/index.php\/wp-json\/wp\/v2\/types\/page"}],"author":[{"embeddable":true,"href":"https:\/\/ebook.hortaemcasa.net.br\/index.php\/wp-json\/wp\/v2\/users\/1"}],"replies":[{"embeddable":true,"href":"https:\/\/ebook.hortaemcasa.net.br\/index.php\/wp-json\/wp\/v2\/comments?post=40"}],"version-history":[{"count":79,"href":"https:\/\/ebook.hortaemcasa.net.br\/index.php\/wp-json\/wp\/v2\/pages\/40\/revisions"}],"predecessor-version":[{"id":146,"href":"https:\/\/ebook.hortaemcasa.net.br\/index.php\/wp-json\/wp\/v2\/pages\/40\/revisions\/146"}],"wp:attachment":[{"href":"https:\/\/ebook.hortaemcasa.net.br\/index.php\/wp-json\/wp\/v2\/media?parent=40"}],"curies":[{"name":"wp","href":"https:\/\/api.w.org\/{rel}","templated":true}]}}